{"id":25,"date":"2022-10-26T18:15:57","date_gmt":"2022-10-26T18:15:57","guid":{"rendered":"https:\/\/urbanaestereo.com\/?page_id=25"},"modified":"2022-11-02T19:37:20","modified_gmt":"2022-11-02T19:37:20","slug":"home","status":"publish","type":"page","link":"https:\/\/urbanaestereo.com\/","title":{"rendered":""},"content":{"rendered":"\t\t<div data-elementor-type=\"wp-page\" data-elementor-id=\"25\" class=\"elementor elementor-25\">\n\t\t\t\t\t\t\t\t\t<section class=\"elementor-section elementor-top-section elementor-element elementor-element-e19ef9b elementor-section-boxed elementor-section-height-default elementor-section-height-default\" data-id=\"e19ef9b\" data-element_type=\"section\">\n\t\t\t\t\t\t<div class=\"elementor-container elementor-column-gap-default\">\n\t\t\t\t\t<div class=\"elementor-column elementor-col-100 elementor-top-column elementor-element elementor-element-cb7804d\" data-id=\"cb7804d\" data-element_type=\"column\">\n\t\t\t<div class=\"elementor-widget-wrap elementor-element-populated\">\n\t\t\t\t\t\t\t\t<div class=\"elementor-element elementor-element-8f36cdc elementor-widget__width-initial elementor-absolute elementor-widget elementor-widget-image\" data-id=\"8f36cdc\" data-element_type=\"widget\" data-settings=\"{&quot;_position&quot;:&quot;absolute&quot;}\" data-widget_type=\"image.default\">\n\t\t\t\t<div class=\"elementor-widget-container\">\n\t\t\t<style>\/*! elementor - v3.8.0 - 30-10-2022 *\/\n.elementor-widget-image{text-align:center}.elementor-widget-image a{display:inline-block}.elementor-widget-image a img[src$=\".svg\"]{width:48px}.elementor-widget-image img{vertical-align:middle;display:inline-block}<\/style>\t\t\t\t\t\t\t\t\t\t\t\t\t<a href=\"https:\/\/urbanaestereo.com\/\">\n\t\t\t\t\t\t\t<img decoding=\"async\" src=\"https:\/\/urbanaestereo.com\/wp-content\/uploads\/2022\/11\/logo-Urbana-03.png\" title=\"logo Urbana-03\" alt=\"logo Urbana-03\" \/>\t\t\t\t\t\t\t\t<\/a>\n\t\t\t\t\t\t\t\t\t\t\t\t\t\t\t<\/div>\n\t\t\t\t<\/div>\n\t\t\t\t<div class=\"elementor-element elementor-element-d0a471f elementor-widget elementor-widget-spacer\" data-id=\"d0a471f\" data-element_type=\"widget\" data-widget_type=\"spacer.default\">\n\t\t\t\t<div class=\"elementor-widget-container\">\n\t\t\t<style>\/*! elementor - v3.8.0 - 30-10-2022 *\/\n.elementor-column .elementor-spacer-inner{height:var(--spacer-size)}.e-con{--container-widget-width:100%}.e-con-inner>.elementor-widget-spacer,.e-con>.elementor-widget-spacer{width:var(--container-widget-width,var(--spacer-size));-ms-flex-item-align:stretch;align-self:stretch;-ms-flex-negative:0;flex-shrink:0}.e-con-inner>.elementor-widget-spacer>.elementor-widget-container,.e-con-inner>.elementor-widget-spacer>.elementor-widget-container>.elementor-spacer,.e-con>.elementor-widget-spacer>.elementor-widget-container,.e-con>.elementor-widget-spacer>.elementor-widget-container>.elementor-spacer{height:100%}.e-con-inner>.elementor-widget-spacer>.elementor-widget-container>.elementor-spacer>.elementor-spacer-inner,.e-con>.elementor-widget-spacer>.elementor-widget-container>.elementor-spacer>.elementor-spacer-inner{height:var(--container-widget-height,var(--spacer-size))}<\/style>\t\t<div class=\"elementor-spacer\">\n\t\t\t<div class=\"elementor-spacer-inner\"><\/div>\n\t\t<\/div>\n\t\t\t\t<\/div>\n\t\t\t\t<\/div>\n\t\t\t\t\t<\/div>\n\t\t<\/div>\n\t\t\t\t\t\t\t<\/div>\n\t\t<\/section>\n\t\t\t\t<section class=\"elementor-section elementor-top-section elementor-element elementor-element-170a9ef elementor-section-boxed elementor-section-height-default elementor-section-height-default\" data-id=\"170a9ef\" data-element_type=\"section\">\n\t\t\t\t\t\t<div class=\"elementor-container elementor-column-gap-default\">\n\t\t\t\t\t<div class=\"elementor-column elementor-col-100 elementor-top-column elementor-element elementor-element-0d0eedc\" data-id=\"0d0eedc\" data-element_type=\"column\">\n\t\t\t<div class=\"elementor-widget-wrap elementor-element-populated\">\n\t\t\t\t\t\t\t\t<div class=\"elementor-element elementor-element-fdfca1d elementor-widget elementor-widget-default-slider\" data-id=\"fdfca1d\" data-element_type=\"widget\" data-widget_type=\"default-slider.default\">\n\t\t\t\t<div class=\"elementor-widget-container\">\n\t\t\t\n<div class=\"sk-slick sk-slick-default\" data-slick='{&quot;autoplay&quot;:true,&quot;autoplaySpeed&quot;:&quot;3000&quot;,&quot;infinite&quot;:false,&quot;dots&quot;:true,&quot;arrows&quot;:true,&quot;swipe&quot;:true,&quot;speed&quot;:&quot;300&quot;,&quot;touchMove&quot;:true,&quot;fade&quot;:false,&quot;lazyLoad&quot;:&quot;ondemand&quot;,&quot;slidesToShow&quot;:1}'>\n    <div class=\"sk-slick-item d-flex align-items-center elementor-repeater-item-939ea40\">\n    <div class=\"sk-slick-item__container container\">\n      <div class=\"col-md-6 offset-md-1\">\n                  <h1 class=\"sk-heading sk-wrap-lines\">Urbana Est\u00e9reo<\/h1>\n         \n                  <h2 class=\"sk-subheading sk-wrap-lines\">La radio de los \u00e9xitos<\/h2>\n         \n                  <div class=\"sk-content sk-wrap-lines\">\n            Urbana es la nueva apuestas en emisoras online de Estrella Grupo Empresarial         <\/div>\n         \n               <\/div>\n    <\/div>\n    <div class=\"sk-slick-item__overlay\"><\/div>\n\n        <div class=\"sk-slick-item__bg\" style=\"background-image: url(https:\/\/urbanaestereo.com\/wp-content\/uploads\/2022\/11\/Captura-de-Pantalla-2022-10-26-a-las-2.33.20-p.-m_.jpg);\"><\/div>\n      <\/div>\n    <div class=\"sk-slick-item d-flex align-items-center elementor-repeater-item-e7dd4b1\">\n    <div class=\"sk-slick-item__container container\">\n      <div class=\"col-md-6 offset-md-1\">\n                  <h1 class=\"sk-heading sk-wrap-lines\">100% Urbano<\/h1>\n         \n                  <h2 class=\"sk-subheading sk-wrap-lines\">Lo mejor de la m\u00fasica urbana<\/h2>\n         \n         \n               <\/div>\n    <\/div>\n    <div class=\"sk-slick-item__overlay\"><\/div>\n\n        <div class=\"sk-slick-item__bg\" style=\"background-image: url(https:\/\/urbanaestereo.com\/wp-content\/uploads\/2022\/11\/Wallpapers-Urbana-_-RadioP-02.png);\"><\/div>\n      <\/div>\n  <\/div>\n\t\t<\/div>\n\t\t\t\t<\/div>\n\t\t\t\t\t<\/div>\n\t\t<\/div>\n\t\t\t\t\t\t\t<\/div>\n\t\t<\/section>\n\t\t\t\t<section class=\"elementor-section elementor-top-section elementor-element elementor-element-3435992 elementor-section-full_width elementor-section-height-default elementor-section-height-default\" data-id=\"3435992\" data-element_type=\"section\">\n\t\t\t\t\t\t<div class=\"elementor-container elementor-column-gap-default\">\n\t\t\t\t\t<div class=\"elementor-column elementor-col-100 elementor-top-column elementor-element elementor-element-8d55ecd\" data-id=\"8d55ecd\" data-element_type=\"column\">\n\t\t\t<div class=\"elementor-widget-wrap elementor-element-populated\">\n\t\t\t\t\t\t\t\t<div class=\"elementor-element elementor-element-ee1f65e elementor-widget elementor-widget-track\" data-id=\"ee1f65e\" data-element_type=\"widget\" data-widget_type=\"track.default\">\n\t\t\t\t<div class=\"elementor-widget-container\">\n\t\t\t\n<!--New Releases-->\n<section>\n    <div class=\"d-flex relative align-items-center justify-content-between\">\n        <div class=\"mb-4\">\n            <h4>Esc\u00fachanos<\/h4>\n            <p><\/p>\n        <\/div>\n\n          \n    <\/div>\n\n    <div class=\"lightSlider has-items-overlay playlist\" data-item=\"6\" data-pause=\"8000\" data-pauseonhover=\"true\"\n        data-item-lg=\"3\" data-item-md=\"3\"\n        data-item-sm=\"2\" data-auto=\"false\"\n        data-pager=\"true\" data-controls=\"true\"\n        data-loop=\"true\">\n        \n                <div>\n            <figure>\n                <div class=\"img-wrapper\">\n                    <img loading=\"lazy\" decoding=\"async\" width=\"1920\" height=\"1080\" src=\"https:\/\/urbanaestereo.com\/wp-content\/uploads\/2022\/10\/Principal.png\" class=\"img-fluid r-3 track-image wp-post-image\" alt=\"\" srcset=\"https:\/\/urbanaestereo.com\/wp-content\/uploads\/2022\/10\/Principal.png 1920w, https:\/\/urbanaestereo.com\/wp-content\/uploads\/2022\/10\/Principal-470x264.png 470w, https:\/\/urbanaestereo.com\/wp-content\/uploads\/2022\/10\/Principal-770x433.png 770w, https:\/\/urbanaestereo.com\/wp-content\/uploads\/2022\/10\/Principal-1170x658.png 1170w, https:\/\/urbanaestereo.com\/wp-content\/uploads\/2022\/10\/Principal-768x432.png 768w, https:\/\/urbanaestereo.com\/wp-content\/uploads\/2022\/10\/Principal-1536x864.png 1536w\" sizes=\"auto, (max-width: 1920px) 100vw, 1920px\" \/>                    <div class=\"img-overlay text-white\">\n                        <div class=\"figcaption\">\n                            <div class=\"d-flex hover-actions justify-content-between\">      \n                                <a href=\"#\" class=\"snackbar fav-snackbar relative\" data-text=\"Added to favourites\"\n    data-text2=\"Removed from favourites\" data-pos=\"top-right\" data-showAction=\"true\"\n    data-actionText=\"Ok\" data-actionTextColor=\"#fff\" data-backgroundColor=\"#0c101b\">\n    <span class=\"simplefavorite-button\" data-postid=\"50\" data-siteid=\"1\" data-groupid=\"1\" data-favoritecount=\"8\" style=\"\"><i class=\"icon-heart-o s-icon\"><\/i><\/span>    <span class=\"fav-count\"><span data-favorites-post-count-id=\"50\" data-siteid=\"\">8<\/span><\/span>\n<\/a>\n\n            <a data-title='Urbana Est\u00e9reo' data-time='5:00:00' data-thumbnail='https:\/\/urbanaestereo.com\/wp-content\/uploads\/2022\/10\/Principal.png' data-permalink='https:\/\/urbanaestereo.com\/index.php\/track\/urbana-estereo\/' data-artist='' data-type='stream' data-stream-type='icecast' data-url='https:\/\/audio.hostmas.com\/listen\/urbana-estereo\/radio.mp3' class='no-ajaxy media-url track-url' href='https:\/\/audio.hostmas.com\/listen\/urbana-estereo\/radio.mp3' > \n            <i class=\"icon-play play-btn-icon s-48\" aria-hidden=\"true\"><\/i>        <\/a>\n                                         <a href=\"https:\/\/urbanaestereo.com\/index.php\/track\/urbana-estereo\/\"><i class=\"icon-more s-18 pt-3\"><\/i><\/a>\n                            <\/div>\n                            <div class=\"text-center mt-5\">\n                                <h5 class=\"text-truncate track-title\">Urbana Est\u00e9reo<\/h5>\n                                <span><\/span>\n                            <\/div>\n                        <\/div>\n                    <\/div>\n                    <div class=\"figure-title text-center p-2\">\n                        <h6 class=\"text-truncate\">Urbana Est\u00e9reo<\/h6>\n                        <span><\/span>\n                    <\/div>\n                <\/div>\n            <\/figure>\n        <\/div>\n        \n\n\n        \n        \n    <\/div>\n<\/section>\n<!--@New Releases-->\n\t\t<\/div>\n\t\t\t\t<\/div>\n\t\t\t\t\t<\/div>\n\t\t<\/div>\n\t\t\t\t\t\t\t<\/div>\n\t\t<\/section>\n\t\t\t\t\t\t\t<\/div>\n\t\t","protected":false},"excerpt":{"rendered":"<p>Urbana Est\u00e9reo La radio de los \u00e9xitos Urbana es la nueva apuestas en emisoras online de Estrella Grupo Empresarial 100% Urbano Lo mejor de la m\u00fasica urbana Esc\u00fachanos 2 Urbana Est\u00e9reo Urbana Est\u00e9reo<\/p>\n","protected":false},"author":2,"featured_media":0,"parent":0,"menu_order":0,"comment_status":"closed","ping_status":"closed","template":"","meta":{"pmpro_default_level":0,"footnotes":""},"class_list":["post-25","page","type-page","status-publish","hentry","pmpro-has-access"],"_links":{"self":[{"href":"https:\/\/urbanaestereo.com\/index.php\/wp-json\/wp\/v2\/pages\/25","targetHints":{"allow":["GET"]}}],"collection":[{"href":"https:\/\/urbanaestereo.com\/index.php\/wp-json\/wp\/v2\/pages"}],"about":[{"href":"https:\/\/urbanaestereo.com\/index.php\/wp-json\/wp\/v2\/types\/page"}],"author":[{"embeddable":true,"href":"https:\/\/urbanaestereo.com\/index.php\/wp-json\/wp\/v2\/users\/2"}],"replies":[{"embeddable":true,"href":"https:\/\/urbanaestereo.com\/index.php\/wp-json\/wp\/v2\/comments?post=25"}],"version-history":[{"count":51,"href":"https:\/\/urbanaestereo.com\/index.php\/wp-json\/wp\/v2\/pages\/25\/revisions"}],"predecessor-version":[{"id":162,"href":"https:\/\/urbanaestereo.com\/index.php\/wp-json\/wp\/v2\/pages\/25\/revisions\/162"}],"wp:attachment":[{"href":"https:\/\/urbanaestereo.com\/index.php\/wp-json\/wp\/v2\/media?parent=25"}],"curies":[{"name":"wp","href":"https:\/\/api.w.org\/{rel}","templated":true}]}}